{"id":2659,"date":"2024-08-01T14:46:27","date_gmt":"2024-08-01T12:46:27","guid":{"rendered":"https:\/\/www.lisaillichmann.com\/?page_id=2659"},"modified":"2025-07-29T07:34:56","modified_gmt":"2025-07-29T05:34:56","slug":"privatkunden","status":"publish","type":"page","link":"https:\/\/www.lisaillichmann.com\/de\/privatkunden\/","title":{"rendered":"Privatkunden"},"content":{"rendered":"<p>[et_pb_section fb_built=&#8220;1&#8243; next_background_color=&#8220;#FFFFFF&#8220; admin_label=&#8220;Section&#8220; _builder_version=&#8220;4.20.2&#8243; background_color=&#8220;#FFFFFF&#8220; use_background_color_gradient=&#8220;on&#8220; background_color_gradient_direction=&#8220;45deg&#8220; background_color_gradient_stops=&#8220;rgba(29,38,0,0.85) 0%|rgba(29,38,0,0) 100%&#8220; background_color_gradient_overlays_image=&#8220;on&#8220; background_color_gradient_start=&#8220;rgba(29,38,0,0.85)&#8220; background_color_gradient_end=&#8220;rgba(29,38,0,0)&#8220; background_image=&#8220;https:\/\/www.lisaillichmann.com\/wp-content\/uploads\/2023\/07\/Lisa-Illichmann-by-Theresa-Pewal-90.jpg&#8220; custom_padding=&#8220;6vw|0px|6vw|0px|true|false&#8220; bottom_divider_style=&#8220;slant2&#8243; bottom_divider_height=&#8220;39px&#8220; bottom_divider_flip=&#8220;horizontal&#8220; global_colors_info=&#8220;{}&#8220;][et_pb_row admin_label=&#8220;Reihe&#8220; _builder_version=&#8220;4.19.2&#8243; global_colors_info=&#8220;{}&#8220;][et_pb_column type=&#8220;4_4&#8243; admin_label=&#8220;S\u00e4ule&#8220; _builder_version=&#8220;4.16&#8243; custom_padding=&#8220;|||&#8220; global_colors_info=&#8220;{}&#8220; custom_padding__hover=&#8220;|||&#8220;][et_pb_text admin_label=&#8220;Text&#8220; _builder_version=&#8220;4.20.0&#8243; text_font=&#8220;|300|||||||&#8220; text_font_size=&#8220;26px&#8220; text_letter_spacing=&#8220;2px&#8220; text_line_height=&#8220;2em&#8220; ul_font=&#8220;||||||||&#8220; ol_font=&#8220;||||||||&#8220; header_font=&#8220;urfform_light|300||||on|||&#8220; header_font_size=&#8220;60px&#8220; header_line_height=&#8220;1.1em&#8220; header_2_font=&#8220;||||||||&#8220; header_3_font=&#8220;||||||||&#8220; header_4_font=&#8220;||||||||&#8220; header_5_font=&#8220;||||||||&#8220; header_6_font=&#8220;||||||||&#8220; text_orientation=&#8220;center&#8220; background_layout=&#8220;dark&#8220; max_width=&#8220;600px&#8220; module_alignment=&#8220;center&#8220; min_height=&#8220;69px&#8220; custom_margin=&#8220;|||&#8220; animation_style=&#8220;fade&#8220; text_font_size_tablet=&#8220;&#8220; text_font_size_phone=&#8220;16px&#8220; text_font_size_last_edited=&#8220;on|phone&#8220; header_font_size_tablet=&#8220;50px&#8220; header_font_size_phone=&#8220;40px&#8220; header_font_size_last_edited=&#8220;on|phone&#8220; locked=&#8220;off&#8220; global_colors_info=&#8220;{}&#8220;]<\/p>\n<h1>Mindfulness Matters<\/h1>\n<p>[\/et_pb_text][et_pb_text admin_label=&#8220;Text&#8220; _builder_version=&#8220;4.19.5&#8243; text_font=&#8220;|300||on|||||&#8220; text_letter_spacing=&#8220;3px&#8220; text_line_height=&#8220;2em&#8220; ul_font=&#8220;||||||||&#8220; ol_font=&#8220;||||||||&#8220; header_font=&#8220;|700|||||||&#8220; header_font_size=&#8220;60px&#8220; header_line_height=&#8220;1.2em&#8220; header_2_font=&#8220;||||||||&#8220; header_3_font=&#8220;||||||||&#8220; header_4_font=&#8220;poiretone-regular||||||||&#8220; header_5_font=&#8220;||||||||&#8220; header_6_font=&#8220;||||||||&#8220; text_orientation=&#8220;center&#8220; background_layout=&#8220;dark&#8220; max_width=&#8220;600px&#8220; module_alignment=&#8220;center&#8220; custom_margin=&#8220;-39px||||false|false&#8220; custom_margin_tablet=&#8220;-2px||||false|false&#8220; custom_margin_phone=&#8220;0px||||false|false&#8220; custom_margin_last_edited=&#8220;on|desktop&#8220; animation_style=&#8220;zoom&#8220; text_font_size_tablet=&#8220;&#8220; text_font_size_phone=&#8220;16px&#8220; text_font_size_last_edited=&#8220;on|phone&#8220; header_font_size_tablet=&#8220;50px&#8220; header_font_size_phone=&#8220;40px&#8220; header_font_size_last_edited=&#8220;on|phone&#8220; locked=&#8220;off&#8220; global_colors_info=&#8220;{}&#8220;]<\/p>\n<h4>&#8211; Lisa Illichmann &#8211;<\/h4>\n<p>[\/et_pb_text][\/et_pb_column][\/et_pb_row][\/et_pb_section][et_pb_section fb_built=&#8220;1&#8243; admin_label=&#8220;About&#8220; _builder_version=&#8220;4.19.2&#8243; background_color=&#8220;#FFFFFF&#8220; custom_padding=&#8220;||90px||false|false&#8220; bottom_divider_color=&#8220;rgba(144,175,171,0.12)&#8220; bottom_divider_flip=&#8220;horizontal&#8220; global_colors_info=&#8220;{}&#8220;][et_pb_row custom_padding_last_edited=&#8220;off|desktop&#8220; _builder_version=&#8220;4.19.2&#8243; _module_preset=&#8220;default&#8220; custom_margin=&#8220;-30px||-30px||false|false&#8220; global_colors_info=&#8220;{}&#8220; custom_margin__hover_enabled=&#8220;on|desktop&#8220; custom_margin__hover=&#8220;-30px||-30px||false|false&#8220;][et_pb_column type=&#8220;4_4&#8243; _builder_version=&#8220;4.19.2&#8243; _module_preset=&#8220;default&#8220; global_colors_info=&#8220;{}&#8220;][et_pb_text _builder_version=&#8220;4.20.2&#8243; _module_preset=&#8220;default&#8220; header_2_font=&#8220;urfform_regular||||||||&#8220; header_2_font_size=&#8220;40px&#8220; global_colors_info=&#8220;{}&#8220;]<\/p>\n<h2>Dein Weg zu innerem Frieden und pers\u00f6nlichem Wachstum<\/h2>\n<p>[\/et_pb_text][\/et_pb_column][\/et_pb_row][et_pb_row column_structure=&#8220;1_2,1_2&#8243; admin_label=&#8220;Reihe&#8220; _builder_version=&#8220;4.19.2&#8243; custom_padding=&#8220;0px|0px|0|0px|false|true&#8220; locked=&#8220;off&#8220; global_colors_info=&#8220;{}&#8220;][et_pb_column type=&#8220;1_2&#8243; _builder_version=&#8220;4.19.2&#8243; custom_padding=&#8220;|||&#8220; global_colors_info=&#8220;{}&#8220; custom_padding__hover=&#8220;|||&#8220;][et_pb_text _builder_version=&#8220;4.20.2&#8243; _module_preset=&#8220;default&#8220; text_font=&#8220;urfform_light||||||||&#8220; min_height=&#8220;533.4px&#8220; custom_margin=&#8220;36px|||||&#8220; global_colors_info=&#8220;{}&#8220;]<\/p>\n<p>Das Leben stellt uns oft vor Herausforderungen, die uns festgefahren, unzufrieden oder \u00fcberw\u00e4ltigt f\u00fchlen lassen. Als Coach und psychologischer Berater ist es meine Mission, Dich zu einem tieferen Verst\u00e4ndnis Deiner selbst zu f\u00fchren und Dir zu helfen, die Schwierigkeiten des Lebens zu meistern und einen erf\u00fcllteren Weg zu finden. Mein Ansatz basiert auf Prinzipien, die Verbindung, Mitgef\u00fchl und das Erkennen Deines wahren Potenzials betonen.<\/p>\n<p>In unseren Sitzungen werden wir Deine Erfahrungen, Gedanken und Gef\u00fchle in einer sicheren und unterst\u00fctzenden Umgebung erkunden. Egal, ob Du mit spezifischen Problemen wie Angst, Stress, Beziehungsproblemen zu k\u00e4mpfen hast oder nach einem tieferen Sinn und Zufriedenheit suchst \u2013 mein Ziel ist es, Dir zu helfen, die zugrunde liegenden Muster zu erkennen, die Dich zur\u00fcckhalten. Gemeinsam werden wir daran arbeiten, diese Muster zu transformieren und ein gr\u00f6\u00dferes Ma\u00df an Klarheit und innerem Frieden zu f\u00f6rdern.<\/p>\n<p>Durch unsere Zusammenarbeit wirst Du lernen, Dich mit dieser inneren Ressource zu verbinden und Einsichten und Werkzeuge zu gewinnen, um Deinen Lebensweg effektiver zu gestalten. Meine Aufgabe ist es, Dich in diesem Prozess zu unterst\u00fctzen, Dir Orientierung und Ermutigung zu geben, w\u00e4hrend Du ein tieferes Verst\u00e4ndnis f\u00fcr Dich selbst und Deine Erfahrungen entwickelst.<\/p>\n<p>Mein Ansatz ist ganzheitlich und ber\u00fccksichtigt alle Aspekte Deines Lebens und Wohlbefindens. Wir werden nicht nur Deine mentale und emotionale Gesundheit ansprechen, sondern auch untersuchen, wie diese Bereiche mit Deinen physischen, sozialen und spirituellen Dimensionen zusammenh\u00e4ngen. Diese umfassende Perspektive erm\u00f6glicht eine integrierte und dauerhafte Transformation.<\/p>\n<p>[\/et_pb_text][et_pb_text _builder_version=&#8220;4.20.2&#8243; _module_preset=&#8220;default&#8220; text_font=&#8220;urfform_light||||||||&#8220; global_colors_info=&#8220;{}&#8220;]<\/p>\n<blockquote>\n<div>\n<p>Ich glaube daran, dass jeder Mensch eine angeborene F\u00e4higkeit zur Weiterentwicklung und Selbstheilung besitzt.<\/p>\n<\/div>\n<\/blockquote>\n<p>[\/et_pb_text][\/et_pb_column][et_pb_column type=&#8220;1_2&#8243; _builder_version=&#8220;4.19.2&#8243; custom_padding=&#8220;|||&#8220; custom_padding_tablet=&#8220;|||&#8220; custom_padding_phone=&#8220;||||false|false&#8220; custom_padding_last_edited=&#8220;on|phone&#8220; global_colors_info=&#8220;{}&#8220; custom_padding__hover=&#8220;|||&#8220;][et_pb_text _builder_version=&#8220;4.20.2&#8243; _module_preset=&#8220;default&#8220; text_font=&#8220;urfform_light||||||||&#8220; custom_margin_tablet=&#8220;-19px||||false|false&#8220; custom_margin_phone=&#8220;-19px||||false|false&#8220; custom_margin_last_edited=&#8220;on|tablet&#8220; custom_padding=&#8220;35px|||||&#8220; global_colors_info=&#8220;{}&#8220;]<\/p>\n<p>Du musst keine speziellen Philosophien oder Praktiken kennen, um von unserer Zusammenarbeit zu profitieren. Meine Methoden sind f\u00fcr alle zug\u00e4nglich, unabh\u00e4ngig von Deinem Hintergrund oder Deinen \u00dcberzeugungen. Ob Du Erleichterung von aktuellen Schwierigkeiten suchst oder nach einem tieferen Sinn und Erf\u00fcllung strebst \u2013 ich bin hier, um Dich auf Deinem Weg zu unterst\u00fctzen.<\/p>\n<p>Mach den ersten Schritt zu einem ausgeglicheneren und bedeutungsvolleren Leben. Melde Dich noch heute, um eine Sitzung zu vereinbaren und Deinen Weg zu gr\u00f6\u00dferem Selbst-Bewusstsein und Wohlbefinden zu beginnen. Ich freue mich darauf, Dich auf diesem Weg der Entdeckung und Transformation zu begleiten.<\/p>\n<p>Meine Arbeit basiert auf den Lehren von Francis Lucille.<\/p>\n<p>[\/et_pb_text][et_pb_image src=&#8220;https:\/\/www.lisaillichmann.com\/wp-content\/uploads\/2024\/08\/Flowers-scaled.jpg&#8220; title_text=&#8220;Flowers&#8220; align_tablet=&#8220;center&#8220; align_phone=&#8220;center&#8220; align_last_edited=&#8220;on|desktop&#8220; _builder_version=&#8220;4.20.2&#8243; max_width=&#8220;100%&#8220; custom_margin=&#8220;-21px||0px||false|false&#8220; custom_margin_tablet=&#8220;0px||||false|false&#8220; custom_margin_phone=&#8220;0px||||false|false&#8220; custom_margin_last_edited=&#8220;on|tablet&#8220; animation_style=&#8220;slide&#8220; animation_direction=&#8220;top&#8220; animation_intensity_slide=&#8220;2%&#8220; global_colors_info=&#8220;{}&#8220;][\/et_pb_image][et_pb_button button_url=&#8220;https:\/\/www.lisaillichmann.com\/de\/einzelcoaching\/#contact&#8220; button_text=&#8220;Termin vereinbaren&#8220; _builder_version=&#8220;4.20.0&#8243; _module_preset=&#8220;default&#8220; custom_margin=&#8220;14px||||false|false&#8220; custom_margin_tablet=&#8220;20px||||false|false&#8220; custom_margin_phone=&#8220;20px||||false|false&#8220; custom_margin_last_edited=&#8220;on|desktop&#8220; custom_padding=&#8220;3px||||false|false&#8220; animation_style=&#8220;fade&#8220; global_colors_info=&#8220;{}&#8220;][\/et_pb_button][\/et_pb_column][\/et_pb_row][\/et_pb_section][et_pb_section fb_built=&#8220;1&#8243; specialty=&#8220;on&#8220; prev_background_color=&#8220;#FFFFFF&#8220; module_id=&#8220;Kontakt&#8220; _builder_version=&#8220;4.20.2&#8243; _module_preset=&#8220;default&#8220; use_background_color_gradient=&#8220;on&#8220; background_color_gradient_direction=&#8220;7deg&#8220; background_color_gradient_stops=&#8220;rgba(229,107,122,0.45) 0%|rgba(29,38,0,0.6) 100%&#8220; background_color_gradient_overlays_image=&#8220;on&#8220; background_image=&#8220;https:\/\/www.lisaillichmann.com\/wp-content\/uploads\/2023\/07\/Untitled.jpg&#8220; background_blend=&#8220;overlay&#8220; custom_padding=&#8220;120px||120px||true|false&#8220; top_divider_style=&#8220;slant2&#8243; top_divider_height=&#8220;45px&#8220; top_divider_flip=&#8220;horizontal&#8220; background_last_edited=&#8220;on|phone&#8220; background_image_tablet=&#8220;https:\/\/www.lisaillichmann.com\/wp-content\/uploads\/2022\/12\/Footer-Responsive-min.jpg&#8220; background_enable_image_tablet=&#8220;on&#8220; background_size_tablet=&#8220;cover&#8220; background_size_phone=&#8220;cover&#8220; background_image_height_phone=&#8220;100%&#8220; background_position_tablet=&#8220;center_right&#8220; background_position_phone=&#8220;center_right&#8220; global_colors_info=&#8220;{}&#8220;][et_pb_column type=&#8220;1_2&#8243; _builder_version=&#8220;4.16&#8243; custom_padding=&#8220;|||&#8220; global_colors_info=&#8220;{}&#8220; custom_padding__hover=&#8220;|||&#8220;][et_pb_image title_text=&#8220;Logo hell&#8220; align=&#8220;center&#8220; disabled_on=&#8220;off|off|off&#8220; _builder_version=&#8220;4.20.2&#8243; _module_preset=&#8220;default&#8220; width=&#8220;16%&#8220; global_colors_info=&#8220;{}&#8220;][\/et_pb_image][et_pb_text disabled_on=&#8220;off|off|off&#8220; _builder_version=&#8220;4.19.5&#8243; _module_preset=&#8220;default&#8220; text_font=&#8220;|300|||||||&#8220; text_text_color=&#8220;#FFFFFF&#8220; text_font_size=&#8220;53px&#8220; header_font=&#8220;poiretone-regular|300|||||||&#8220; header_4_font=&#8220;Poiret One||||||||&#8220; header_4_text_color=&#8220;#FFFFFF&#8220; header_4_font_size=&#8220;41px&#8220; custom_margin=&#8220;-20px||10px||false|false&#8220; custom_margin_tablet=&#8220;||6px||false|false&#8220; custom_margin_phone=&#8220;||6px||false|false&#8220; custom_margin_last_edited=&#8220;on|desktop&#8220; hover_transition_duration=&#8220;200ms&#8220; hover_transition_speed_curve=&#8220;ease-in&#8220; scroll_vertical_motion=&#8220;0|35|35|100|4|0|-4&#8243; header_4_font_size_tablet=&#8220;41px&#8220; header_4_font_size_phone=&#8220;32px&#8220; header_4_font_size_last_edited=&#8220;on|phone&#8220; global_colors_info=&#8220;{}&#8220;]<\/p>\n<h4 style=\"text-align: center;\"><\/h4>\n<p>[\/et_pb_text][et_pb_text disabled_on=&#8220;off|off|off&#8220; _builder_version=&#8220;4.20.2&#8243; text_font=&#8220;|300|||||||&#8220; text_text_color=&#8220;#ffffff&#8220; text_font_size=&#8220;25px&#8220; text_line_height=&#8220;1em&#8220; header_font=&#8220;urfform_light|300||||on|||&#8220; header_text_color=&#8220;#d1d1d1&#8243; header_font_size=&#8220;35px&#8220; header_line_height=&#8220;0.9em&#8220; header_2_font=&#8220;||||||||&#8220; header_4_font_size=&#8220;47px&#8220; max_width=&#8220;600px&#8220; module_alignment=&#8220;left&#8220; custom_margin=&#8220;10px||10px||true|false&#8220; custom_margin_last_edited=&#8220;off|desktop&#8220; custom_padding=&#8220;0px||0px||true|false&#8220; custom_padding_tablet=&#8220;|0vw||0vw||true&#8220; custom_padding_phone=&#8220;|||||false&#8220; custom_padding_last_edited=&#8220;off|desktop&#8220; animation_style=&#8220;slide&#8220; animation_direction=&#8220;bottom&#8220; animation_intensity_slide=&#8220;5%&#8220; header_font_tablet=&#8220;|300|||||||&#8220; header_font_phone=&#8220;|300|||||||&#8220; header_font_last_edited=&#8220;on|phone&#8220; header_font_size_tablet=&#8220;36px&#8220; header_font_size_phone=&#8220;26px&#8220; header_font_size_last_edited=&#8220;on|phone&#8220; header_4_font_size_tablet=&#8220;30px&#8220; header_4_font_size_phone=&#8220;29px&#8220; header_4_font_size_last_edited=&#8220;on|desktop&#8220; locked=&#8220;off&#8220; global_colors_info=&#8220;{}&#8220;][\/et_pb_text][\/et_pb_column][et_pb_column type=&#8220;1_2&#8243; specialty_columns=&#8220;2&#8243; _builder_version=&#8220;4.16&#8243; custom_padding=&#8220;|||&#8220; global_colors_info=&#8220;{}&#8220; custom_padding__hover=&#8220;|||&#8220;][et_pb_row_inner padding_top_bottom_link_2=&#8220;true&#8220; padding_left_right_link_2=&#8220;true&#8220; _builder_version=&#8220;4.19.2&#8243; background_color=&#8220;rgba(255,255,255,0.77)&#8220; custom_padding=&#8220;|30px||30px|false|true&#8220; global_colors_info=&#8220;{}&#8220;][et_pb_column_inner saved_specialty_column_type=&#8220;1_2&#8243; _builder_version=&#8220;4.16&#8243; custom_padding=&#8220;|||&#8220; global_colors_info=&#8220;{}&#8220; custom_padding__hover=&#8220;|||&#8220;][et_pb_text _builder_version=&#8220;4.19.2&#8243; text_font=&#8220;||||||||&#8220; header_font=&#8220;||||||||&#8220; header_4_font=&#8220;|700||on|||||&#8220; header_4_text_color=&#8220;rgba(0,0,0,0.5)&#8220; header_4_font_size=&#8220;14px&#8220; header_4_letter_spacing=&#8220;1px&#8220; header_4_line_height=&#8220;1.5em&#8220; global_colors_info=&#8220;{}&#8220;]<\/p>\n<h2>Get In Touch<\/h2>\n<h4><\/h4>\n<p>[\/et_pb_text][et_pb_blurb title=&#8220;0043 (0) 664 183 5666&#8243; url=&#8220;tel:0043%206641835666&#8243; use_icon=&#8220;on&#8220; font_icon=&#8220;&#xe090;||divi||400&#8243; icon_color=&#8220;#293600&#8243; icon_placement=&#8220;left&#8220; image_icon_width=&#8220;20px&#8220; _builder_version=&#8220;4.19.2&#8243; header_level=&#8220;h5&#8243; header_font=&#8220;Lato|||on|||||&#8220; header_text_color=&#8220;#636363&#8243; header_font_size=&#8220;14px&#8220; header_letter_spacing=&#8220;2px&#8220; header_line_height=&#8220;1.8em&#8220; background_layout=&#8220;dark&#8220; custom_margin=&#8220;20px|||&#8220; animation=&#8220;off&#8220; icon_font_size=&#8220;20px&#8220; global_colors_info=&#8220;{}&#8220;][\/et_pb_blurb][et_pb_blurb title=&#8220;office@lisaillichmann.com&#8220; url=&#8220;mailto:office@lisaillichmann.com&#8220; url_new_window=&#8220;on&#8220; use_icon=&#8220;on&#8220; font_icon=&#8220;&#xe076;||divi||400&#8243; icon_color=&#8220;#293600&#8243; icon_placement=&#8220;left&#8220; image_icon_width=&#8220;20px&#8220; _builder_version=&#8220;4.19.2&#8243; header_level=&#8220;h3&#8243; header_font=&#8220;|||on|||||&#8220; header_text_color=&#8220;#636363&#8243; header_font_size=&#8220;12px&#8220; header_letter_spacing=&#8220;2px&#8220; header_line_height=&#8220;1.8em&#8220; background_layout=&#8220;dark&#8220; custom_margin=&#8220;20px|||&#8220; animation=&#8220;off&#8220; icon_font_size=&#8220;20px&#8220; global_colors_info=&#8220;{}&#8220;][\/et_pb_blurb][et_pb_blurb title=&#8220;Maria Gailer Str. 16, 9500 Villach \/ \u00d6sterreich&#8220; url_new_window=&#8220;on&#8220; use_icon=&#8220;on&#8220; font_icon=&#8220;&#xe081;||divi||400&#8243; icon_color=&#8220;#293600&#8243; icon_placement=&#8220;left&#8220; image_icon_width=&#8220;20px&#8220; _builder_version=&#8220;4.19.2&#8243; header_level=&#8220;h3&#8243; header_font=&#8220;|||on|||||&#8220; header_text_color=&#8220;#636363&#8243; header_font_size=&#8220;12px&#8220; header_letter_spacing=&#8220;2px&#8220; header_line_height=&#8220;1.8em&#8220; background_layout=&#8220;dark&#8220; custom_margin=&#8220;20px|||&#8220; animation=&#8220;off&#8220; icon_font_size=&#8220;20px&#8220; global_colors_info=&#8220;{}&#8220;][\/et_pb_blurb][et_pb_social_media_follow icon_color=&#8220;#FFFFFF&#8220; _builder_version=&#8220;4.19.2&#8243; _module_preset=&#8220;default&#8220; background_color=&#8220;RGBA(255,255,255,0)&#8220; text_orientation=&#8220;left&#8220; global_colors_info=&#8220;{}&#8220;][et_pb_social_media_follow_network social_network=&#8220;facebook&#8220; _builder_version=&#8220;4.19.2&#8243; _module_preset=&#8220;default&#8220; background_color=&#8220;#3b5998&#8243; global_colors_info=&#8220;{}&#8220; follow_button=&#8220;off&#8220; url_new_window=&#8220;on&#8220;]facebook[\/et_pb_social_media_follow_network][et_pb_social_media_follow_network social_network=&#8220;youtube&#8220; _builder_version=&#8220;4.19.2&#8243; _module_preset=&#8220;default&#8220; background_color=&#8220;#a82400&#8243; global_colors_info=&#8220;{}&#8220; follow_button=&#8220;off&#8220; url_new_window=&#8220;on&#8220;]youtube[\/et_pb_social_media_follow_network][\/et_pb_social_media_follow][\/et_pb_column_inner][\/et_pb_row_inner][et_pb_row_inner _builder_version=&#8220;4.16&#8243; custom_padding=&#8220;0||||false|false&#8220; global_colors_info=&#8220;{}&#8220;][et_pb_column_inner saved_specialty_column_type=&#8220;1_2&#8243; _builder_version=&#8220;4.16&#8243; custom_padding=&#8220;|||&#8220; global_colors_info=&#8220;{}&#8220; custom_padding__hover=&#8220;|||&#8220;][et_pb_button button_url=&#8220;tel:00436641835666&#8243; button_text=&#8220;Call now&#8220; button_alignment=&#8220;right&#8220; _builder_version=&#8220;4.19.4&#8243; custom_button=&#8220;on&#8220; button_text_size=&#8220;16px&#8220; button_text_color=&#8220;#474747&#8243; button_bg_color=&#8220;#dbb132&#8243; button_border_width=&#8220;0px&#8220; button_border_radius=&#8220;0px&#8220; button_letter_spacing=&#8220;2px&#8220; button_font=&#8220;|600||on|||||&#8220; button_icon=&#8220;&#xe090;||divi||400&#8243; button_icon_placement=&#8220;left&#8220; button_on_hover=&#8220;off&#8220; background_layout=&#8220;dark&#8220; custom_margin=&#8220;|||&#8220; custom_padding=&#8220;8px|35px|8px|35px|true|true&#8220; animation_style=&#8220;fold&#8220; animation_direction=&#8220;top&#8220; locked=&#8220;off&#8220; global_colors_info=&#8220;{}&#8220; button_text_size__hover_enabled=&#8220;off&#8220; button_one_text_size__hover_enabled=&#8220;off&#8220; button_two_text_size__hover_enabled=&#8220;off&#8220; button_text_color__hover_enabled=&#8220;off&#8220; button_one_text_color__hover_enabled=&#8220;off&#8220; button_two_text_color__hover_enabled=&#8220;off&#8220; button_border_width__hover_enabled=&#8220;off&#8220; button_one_border_width__hover_enabled=&#8220;off&#8220; button_two_border_width__hover_enabled=&#8220;off&#8220; button_border_color__hover_enabled=&#8220;off&#8220; button_one_border_color__hover_enabled=&#8220;off&#8220; button_two_border_color__hover_enabled=&#8220;off&#8220; button_border_radius__hover_enabled=&#8220;off&#8220; button_one_border_radius__hover_enabled=&#8220;off&#8220; button_two_border_radius__hover_enabled=&#8220;off&#8220; button_letter_spacing__hover_enabled=&#8220;off&#8220; button_one_letter_spacing__hover_enabled=&#8220;off&#8220; button_two_letter_spacing__hover_enabled=&#8220;off&#8220; button_bg_color__hover_enabled=&#8220;off&#8220; button_one_bg_color__hover_enabled=&#8220;off&#8220; button_two_bg_color__hover_enabled=&#8220;off&#8220;][\/et_pb_button][\/et_pb_column_inner][\/et_pb_row_inner][\/et_pb_column][\/et_pb_section]<\/p>\n","protected":false},"excerpt":{"rendered":"<p>Mindfulness Matters- Lisa Illichmann -Dein Weg zu innerem Frieden und pers\u00f6nlichem WachstumDas Leben stellt uns oft vor Herausforderungen, die uns festgefahren, unzufrieden oder \u00fcberw\u00e4ltigt f\u00fchlen lassen. Als Coach und psychologischer Berater ist es meine Mission, Dich zu einem tieferen Verst\u00e4ndnis Deiner selbst zu f\u00fchren und Dir zu helfen, die Schwierigkeiten des Lebens zu meistern und [&hellip;]<\/p>\n","protected":false},"author":2,"featured_media":0,"parent":0,"menu_order":0,"comment_status":"closed","ping_status":"closed","template":"","meta":{"_et_pb_use_builder":"on","_et_pb_old_content":"","_et_gb_content_width":"","inline_featured_image":false,"footnotes":""},"class_list":["post-2659","page","type-page","status-publish","hentry"],"_links":{"self":[{"href":"https:\/\/www.lisaillichmann.com\/de\/wp-json\/wp\/v2\/pages\/2659","targetHints":{"allow":["GET"]}}],"collection":[{"href":"https:\/\/www.lisaillichmann.com\/de\/wp-json\/wp\/v2\/pages"}],"about":[{"href":"https:\/\/www.lisaillichmann.com\/de\/wp-json\/wp\/v2\/types\/page"}],"author":[{"embeddable":true,"href":"https:\/\/www.lisaillichmann.com\/de\/wp-json\/wp\/v2\/users\/2"}],"replies":[{"embeddable":true,"href":"https:\/\/www.lisaillichmann.com\/de\/wp-json\/wp\/v2\/comments?post=2659"}],"version-history":[{"count":12,"href":"https:\/\/www.lisaillichmann.com\/de\/wp-json\/wp\/v2\/pages\/2659\/revisions"}],"predecessor-version":[{"id":2713,"href":"https:\/\/www.lisaillichmann.com\/de\/wp-json\/wp\/v2\/pages\/2659\/revisions\/2713"}],"wp:attachment":[{"href":"https:\/\/www.lisaillichmann.com\/de\/wp-json\/wp\/v2\/media?parent=2659"}],"curies":[{"name":"wp","href":"https:\/\/api.w.org\/{rel}","templated":true}]}}